{"id":140,"date":"2023-08-07T07:53:29","date_gmt":"2023-08-07T07:53:29","guid":{"rendered":"https:\/\/sua.psicologia.unam.mx\/web2023\/?page_id=140"},"modified":"2023-08-14T14:13:20","modified_gmt":"2023-08-14T14:13:20","slug":"plan-1971","status":"publish","type":"page","link":"https:\/\/sua.psicologia.unam.mx\/index.php\/plan-1971\/","title":{"rendered":"Plan 1971"},"content":{"rendered":"<p>El Programa de Estudios del Plan 1971 de la <strong>Licenciatura en Psicolog\u00eda<\/strong> contempla <strong>310<\/strong> cr\u00e9ditos en total, de los cuales <strong>218 corresponden a materias obligatorias del tronco com\u00fan y 92 a materias optativas<\/strong> que el alumno puede elegir en \u00e1reas m\u00e1s especializadas.<\/p>\n<p>Las materias obligatorias se cursan entre el primero y sexto semestre, mientras que las optativas, entre los semestres s\u00e9ptimo y noveno.<\/p>\n<p>Las \u00e1reas para elegir asignaturas en la DSUAP son cuatro: Psicolog\u00eda Cl\u00ednica, Educativa, del Trabajo y Social.El alumno podr\u00e1 cursar un total de 6 asignaturas en cada semestre, como lo establece el plan de estudios.<\/p>\n<p><a href=\"http:\/\/sua.psicologia.unam.mx\/docs\/pdf\/plan1971\/plan1971.pdf\" target=\"_blank\" rel=\"noopener\">Descarga completo el Plan de Estudios 1971<\/a><\/p>\n<p>Tambi\u00e9n puedes descargar el PLAN 1971 organizado en m\u00f3dulos:<\/p>\n<p><a href=\"http:\/\/sua.psicologia.unam.mx\/docs\/pdf\/plan1971\/Plan1971_Modulos.pdf\" target=\"_blank\" rel=\"noopener\">M\u00f3dulos del plan 1971<\/a><\/p>\n","protected":false},"excerpt":{"rendered":"<p>El Programa de Estudios del Plan 1971 de la Licenciatura en Psicolog\u00eda contempla 310 cr\u00e9ditos en total, de los cuales 218 corresponden a materias obligatorias del tronco com\u00fan y 92 &hellip;<\/p>\n<p class=\"read-more\"> <a class=\"\" href=\"https:\/\/sua.psicologia.unam.mx\/index.php\/plan-1971\/\"> <span class=\"screen-reader-text\">Plan 1971<\/span> Read More &raquo;<\/a><\/p>\n","protected":false},"author":1,"featured_media":0,"parent":0,"menu_order":0,"comment_status":"closed","ping_status":"closed","template":"","meta":{"site-sidebar-layout":"default","site-content-layout":"default","ast-global-header-display":"","ast-banner-title-visibility":"","ast-main-header-display":"","ast-hfb-above-header-display":"","ast-hfb-below-header-display":"","ast-hfb-mobile-header-display":"","site-post-title":"","ast-breadcrumbs-content":"","ast-featured-img":"","footer-sml-layout":"","theme-transparent-header-meta":"","adv-header-id-meta":"","stick-header-meta":"","header-above-stick-meta":"","header-main-stick-meta":"","header-below-stick-meta":""},"_links":{"self":[{"href":"https:\/\/sua.psicologia.unam.mx\/index.php\/wp-json\/wp\/v2\/pages\/140"}],"collection":[{"href":"https:\/\/sua.psicologia.unam.mx\/index.php\/wp-json\/wp\/v2\/pages"}],"about":[{"href":"https:\/\/sua.psicologia.unam.mx\/index.php\/wp-json\/wp\/v2\/types\/page"}],"author":[{"embeddable":true,"href":"https:\/\/sua.psicologia.unam.mx\/index.php\/wp-json\/wp\/v2\/users\/1"}],"replies":[{"embeddable":true,"href":"https:\/\/sua.psicologia.unam.mx\/index.php\/wp-json\/wp\/v2\/comments?post=140"}],"version-history":[{"count":3,"href":"https:\/\/sua.psicologia.unam.mx\/index.php\/wp-json\/wp\/v2\/pages\/140\/revisions"}],"predecessor-version":[{"id":534,"href":"https:\/\/sua.psicologia.unam.mx\/index.php\/wp-json\/wp\/v2\/pages\/140\/revisions\/534"}],"wp:attachment":[{"href":"https:\/\/sua.psicologia.unam.mx\/index.php\/wp-json\/wp\/v2\/media?parent=140"}],"curies":[{"name":"wp","href":"https:\/\/api.w.org\/{rel}","templated":true}]}}