{"id":141,"date":"2023-08-07T07:53:29","date_gmt":"2023-08-07T07:53:29","guid":{"rendered":"https:\/\/sua.psicologia.unam.mx\/web2023\/?page_id=141"},"modified":"2024-05-08T22:23:15","modified_gmt":"2024-05-08T22:23:15","slug":"plan-2008","status":"publish","type":"page","link":"https:\/\/sua.psicologia.unam.mx\/index.php\/plan-2008\/","title":{"rendered":"Plan 2008"},"content":{"rendered":"<p>El Programa de Estudios del Plan 2008 de la <strong>Licenciatura en Psicolog\u00eda<\/strong> considera un plan por asignaturas, con duraci\u00f3n de ocho semestres y un peso de 310 cr\u00e9ditos.<\/p>\n<p>Las asignaturas se encuentran agrupadas en tres \u00e1reas curriculares cuyo porcentaje de cr\u00e9ditos es el siguiente:<\/p>\n<p>\u00c1rea de Formaci\u00f3n General (AFG) de 1o a 4o semestre, con un total de 161 cr\u00e9ditos (52%);<\/p>\n<p>\u00c1rea de Formaci\u00f3n Profesional (AFP) de 5o a 8o semestre, constituida por la fase sustantiva de quinto a s\u00e9ptimo semestre con un valor aproximado de 111 cr\u00e9ditos (36%)<\/p>\n<p>La fase terminal del octavo semestre con valor aproximado de 38 cr\u00e9ditos (12%);<\/p>\n<p>y el \u00c1rea de Formaci\u00f3n Contextual (AFC) de 1o a 8o semestre con un valor de 32 cr\u00e9ditos (10%).<\/p>\n<p><a href=\"https:\/\/sua.psicologia.unam.mx\/docs\/pdf\/plan2008\/plan2008.pdf\">Descarga completo el Plan de Estudios 2008<\/a><\/p>\n<p>Descarga los programas de la asignatura de tu inter\u00e9s (Da clic en cada apartado para ver las asiganturas correspondientes).<\/p>\n<p><a href=\"http:\/\/sua.psicologia.unam.mx\/index.php\/formacion-general\/\">1\u00b0 &#8211; 4\u00b0 semestre (Formaci\u00f3n general)<\/a><\/p>\n<p><a href=\"https:\/\/sua.psicologia.unam.mx\/index.php\/formacion-profesional-sustantiva\/\">5\u00b0 &#8211; 7\u00b0 semestre (Formaci\u00f3n profesional sustantiva)<\/a><\/p>\n<p><a href=\"http:\/\/sua.psicologia.unam.mx\/index.php\/formacion-profesional-terminal\/\">8\u00b0 semestre (Formaci\u00f3n profesional terminal)<\/a><\/p>\n","protected":false},"excerpt":{"rendered":"<p>El Programa de Estudios del Plan 2008 de la Licenciatura en Psicolog\u00eda considera un plan por asignaturas, con duraci\u00f3n de ocho semestres y un peso de 310 cr\u00e9ditos. Las asignaturas &hellip;<\/p>\n<p class=\"read-more\"> <a class=\"\" href=\"https:\/\/sua.psicologia.unam.mx\/index.php\/plan-2008\/\"> <span class=\"screen-reader-text\">Plan 2008<\/span> Read More &raquo;<\/a><\/p>\n","protected":false},"author":1,"featured_media":0,"parent":0,"menu_order":0,"comment_status":"closed","ping_status":"closed","template":"","meta":{"site-sidebar-layout":"default","site-content-layout":"default","ast-global-header-display":"","ast-banner-title-visibility":"","ast-main-header-display":"","ast-hfb-above-header-display":"","ast-hfb-below-header-display":"","ast-hfb-mobile-header-display":"","site-post-title":"","ast-breadcrumbs-content":"","ast-featured-img":"","footer-sml-layout":"","theme-transparent-header-meta":"","adv-header-id-meta":"","stick-header-meta":"","header-above-stick-meta":"","header-main-stick-meta":"","header-below-stick-meta":""},"_links":{"self":[{"href":"https:\/\/sua.psicologia.unam.mx\/index.php\/wp-json\/wp\/v2\/pages\/141"}],"collection":[{"href":"https:\/\/sua.psicologia.unam.mx\/index.php\/wp-json\/wp\/v2\/pages"}],"about":[{"href":"https:\/\/sua.psicologia.unam.mx\/index.php\/wp-json\/wp\/v2\/types\/page"}],"author":[{"embeddable":true,"href":"https:\/\/sua.psicologia.unam.mx\/index.php\/wp-json\/wp\/v2\/users\/1"}],"replies":[{"embeddable":true,"href":"https:\/\/sua.psicologia.unam.mx\/index.php\/wp-json\/wp\/v2\/comments?post=141"}],"version-history":[{"count":5,"href":"https:\/\/sua.psicologia.unam.mx\/index.php\/wp-json\/wp\/v2\/pages\/141\/revisions"}],"predecessor-version":[{"id":1413,"href":"https:\/\/sua.psicologia.unam.mx\/index.php\/wp-json\/wp\/v2\/pages\/141\/revisions\/1413"}],"wp:attachment":[{"href":"https:\/\/sua.psicologia.unam.mx\/index.php\/wp-json\/wp\/v2\/media?parent=141"}],"curies":[{"name":"wp","href":"https:\/\/api.w.org\/{rel}","templated":true}]}}