{"id":536,"date":"2023-08-14T14:17:56","date_gmt":"2023-08-14T14:17:56","guid":{"rendered":"https:\/\/sua.psicologia.unam.mx\/web2023\/?page_id=536"},"modified":"2023-08-14T14:17:56","modified_gmt":"2023-08-14T14:17:56","slug":"formacion-general","status":"publish","type":"page","link":"https:\/\/sua.psicologia.unam.mx\/index.php\/formacion-general\/","title":{"rendered":"Formaci\u00f3n General"},"content":{"rendered":"<h1>\u00c1REA DE FORMACI\u00d3N GENERAL 1\u00b0 &#8211; 4\u00b0sEMESTRE<\/h1>\n<p>Este cuadro te ofrece la estructura curricular del \u00c1rea de Formaci\u00f3n General del Plan de Estudios 2008 de la Licenciatura en Psicolog\u00eda, por semestre, clave de asignatura, nombre de la asignatura y liga al programa de la misma (pdf), n\u00famero de cr\u00e9ditos, tipo (te\u00f3rica, pr\u00e1ctica, te\u00f3rico-pr\u00e1ctica) y, en su caso, campo de conocimiento.<\/p>\n<p style=\"text-align: center;\"><strong>Da clic en el nombre de la asignatura para descargar el programa de trabajo de la misma.<\/strong><\/p>\n<table border=\"1\" cellspacing=\"0\" cellpadding=\"0\">\n<colgroup>\n<col span=\"6\"> <\/colgroup>\n<tbody>\n<tr>\n<td>Semestre<\/td>\n<td>Clave<\/td>\n<td>Asignatura<\/td>\n<td>Cr\u00e9ditos<\/td>\n<td>T \/ P \/ TP<\/td>\n<td>Campo-Conocimiento<\/td>\n<\/tr>\n<tr>\n<td align=\"left\">1\u00ba<\/td>\n<td align=\"left\">1100<\/td>\n<td align=\"left\"><a href=\"http:\/\/sua.psicologia.unam.mx\/docs\/pdf\/plan2008\/1100BasesBiologicasdelaConducta.pdf\" target=\"_blank\" rel=\"noopener\">Bases Biologicas de la Conducta<\/a><\/td>\n<td align=\"left\">6<\/td>\n<td align=\"left\">T<\/td>\n<td align=\"left\">&#8211;<\/td>\n<\/tr>\n<tr>\n<td align=\"left\">1\u00ba<\/td>\n<td align=\"left\">1101<\/td>\n<td align=\"left\"><a href=\"http:\/\/sua.psicologia.unam.mx\/docs\/pdf\/plan2008\/1101HistoriadelaPsicologia.pdf\" target=\"_blank\" rel=\"noopener\">Historia de la psicolog\u00eda<\/a><\/td>\n<td align=\"left\">6<\/td>\n<td align=\"left\">T<\/td>\n<td align=\"left\">&#8211;<\/td>\n<\/tr>\n<tr>\n<td align=\"left\">1\u00ba<\/td>\n<td align=\"left\">1102<\/td>\n<td align=\"left\"><a href=\"http:\/\/sua.psicologia.unam.mx\/docs\/pdf\/plan2008\/1102IdentidadUniversitaria.pdf\" target=\"_blank\" rel=\"noopener\">Identidad Universitaria<\/a><\/td>\n<td align=\"left\">4<\/td>\n<td align=\"left\">T<\/td>\n<td align=\"left\">Ctxt<\/td>\n<\/tr>\n<tr>\n<td align=\"left\">1\u00ba<\/td>\n<td align=\"left\">1103<\/td>\n<td align=\"left\"><a href=\"http:\/\/sua.psicologia.unam.mx\/docs\/pdf\/plan2008\/1103ModelosenPsicologiaClinica.pdf\" target=\"_blank\" rel=\"noopener\">Modelos en Psicolog\u00eda Cl\u00ednica<\/a><\/td>\n<td align=\"left\">6<\/td>\n<td align=\"left\">T<\/td>\n<td align=\"left\">&#8211;<\/td>\n<\/tr>\n<tr>\n<td align=\"left\">1\u00ba<\/td>\n<td align=\"left\">1104<\/td>\n<td align=\"left\"><a href=\"http:\/\/sua.psicologia.unam.mx\/docs\/pdf\/plan2008\/1104PsicologiaSocialdelaInteraccion.pdf\" target=\"_blank\" rel=\"noopener\">Psicolog\u00eda Social de la Interacci\u00f3n<\/a><\/td>\n<td align=\"left\">7<\/td>\n<td align=\"left\">TP<\/td>\n<td align=\"left\">&#8211;<\/td>\n<\/tr>\n<tr>\n<td align=\"left\">1\u00ba<\/td>\n<td align=\"left\">1105<\/td>\n<td align=\"left\"><a href=\"http:\/\/sua.psicologia.unam.mx\/docs\/pdf\/plan2008\/1105TeoriaComputacionaldelaMente.pdf\" target=\"_blank\" rel=\"noopener\">Teor\u00eda Computacional de la Mente<\/a><\/td>\n<td align=\"left\">6<\/td>\n<td align=\"left\">T<\/td>\n<td align=\"left\">&#8211;<\/td>\n<\/tr>\n<tr>\n<td align=\"left\">2\u00ba<\/td>\n<td align=\"left\">1200<\/td>\n<td align=\"left\"><a href=\"http:\/\/sua.psicologia.unam.mx\/docs\/pdf\/plan2008\/1200AprendizajeyConductaAdaptativaI.pdf\">Aprendizaje y Conducta Adaptativa I<\/a><\/td>\n<td align=\"left\">7<\/td>\n<td align=\"left\">TP<\/td>\n<td align=\"left\">&#8211;<\/td>\n<\/tr>\n<tr>\n<td align=\"left\">2\u00ba<\/td>\n<td align=\"left\">1201<\/td>\n<td align=\"left\"><a href=\"http:\/\/sua.psicologia.unam.mx\/docs\/pdf\/plan2008\/1201AproximacionesalProcesoSaludEnfermedad.pdf\">Aproximaciones al Proceso Salud-Enfermedad<\/a><\/td>\n<td align=\"left\">9<\/td>\n<td align=\"left\">TP<\/td>\n<td align=\"left\">&#8211;<\/td>\n<\/tr>\n<tr>\n<td align=\"left\">2\u00ba<\/td>\n<td align=\"left\">1202<\/td>\n<td align=\"left\"><a href=\"http:\/\/sua.psicologia.unam.mx\/docs\/pdf\/plan2008\/1202IntroducconalaMetodologiadelaInvestigacionPsicologica.pdf\">Introducci\u00f3n a la Metodolog\u00eda de la Investigaci\u00f3n Psicol\u00f3gica<\/a><\/td>\n<td align=\"left\">6<\/td>\n<td align=\"left\">T<\/td>\n<td align=\"left\">&#8211;<\/td>\n<\/tr>\n<tr>\n<td align=\"left\">2\u00ba<\/td>\n<td align=\"left\">1203<\/td>\n<td align=\"left\"><a href=\"http:\/\/sua.psicologia.unam.mx\/docs\/pdf\/plan2008\/1203NeurobiologiayAdaptacion.pdf\">Neurobiolog\u00eda y Adaptaci\u00f3n<\/a><\/td>\n<td align=\"left\">6<\/td>\n<td align=\"left\">T<\/td>\n<td align=\"left\">&#8211;<\/td>\n<\/tr>\n<tr>\n<td align=\"left\">2\u00ba<\/td>\n<td align=\"left\">1204<\/td>\n<td align=\"left\"><a href=\"http:\/\/sua.psicologia.unam.mx\/docs\/pdf\/plan2008\/1204TeoriaPsicogeneticaConstructivista.pdf\">Teor\u00eda Psicogen\u00e9tica Constructivista<\/a><\/td>\n<td align=\"left\">8<\/td>\n<td align=\"left\">TP<\/td>\n<td align=\"left\">&#8211;<\/td>\n<\/tr>\n<tr>\n<td align=\"left\">2\u00ba<\/td>\n<td align=\"left\">1205<\/td>\n<td align=\"left\"><a href=\"http:\/\/sua.psicologia.unam.mx\/docs\/pdf\/plan2008\/1205TransdisciplinaI.pdf\">Transdisciplina I<\/a><\/td>\n<td align=\"left\">4<\/td>\n<td align=\"left\">T<\/td>\n<td align=\"left\">Ctxt<\/td>\n<\/tr>\n<tr>\n<td align=\"left\">3\u00ba<\/td>\n<td align=\"left\">1300<\/td>\n<td align=\"left\"><a href=\"http:\/\/sua.psicologia.unam.mx\/docs\/pdf\/plan2008\/1300AprendizajeyConductaAdaptativaII.pdf\">Aprendizaje y Conducta Adaptativa II<\/a><\/td>\n<td align=\"left\">7<\/td>\n<td align=\"left\">TP<\/td>\n<td align=\"left\">&#8211;<\/td>\n<\/tr>\n<tr>\n<td align=\"left\">3\u00ba<\/td>\n<td align=\"left\">1301<\/td>\n<td align=\"left\"><a href=\"http:\/\/sua.psicologia.unam.mx\/docs\/pdf\/plan2008\/1301CiclodeVida.pdf\">Ciclo de Vida<\/a><\/td>\n<td align=\"left\">6<\/td>\n<td align=\"left\">T<\/td>\n<td align=\"left\">&#8211;<\/td>\n<\/tr>\n<tr>\n<td align=\"left\">3\u00ba<\/td>\n<td align=\"left\">1302<\/td>\n<td align=\"left\"><a href=\"http:\/\/sua.psicologia.unam.mx\/docs\/pdf\/plan2008\/1302MedicionyEvaluacionPsicologica.pdf\">Medici\u00f3n y Evaluaci\u00f3n Psicol\u00f3gica<\/a><\/td>\n<td align=\"left\">6<\/td>\n<td align=\"left\">T<\/td>\n<td align=\"left\">&#8211;<\/td>\n<\/tr>\n<tr>\n<td align=\"left\">3\u00ba<\/td>\n<td align=\"left\">1303<\/td>\n<td align=\"left\"><a href=\"http:\/\/sua.psicologia.unam.mx\/docs\/pdf\/plan2008\/1303MetodoClinico.pdf\">M\u00e9todo Cl\u00ednico<\/a><\/td>\n<td align=\"left\">8<\/td>\n<td align=\"left\">TP<\/td>\n<td align=\"left\">&#8211;<\/td>\n<\/tr>\n<tr>\n<td align=\"left\">3\u00ba<\/td>\n<td align=\"left\">1304<\/td>\n<td align=\"left\"><a href=\"http:\/\/sua.psicologia.unam.mx\/docs\/pdf\/plan2008\/1304PsicologicaSocialdelosGrupos.pdf\">Psicolog\u00eda Social de los Grupos<\/a><\/td>\n<td align=\"left\">8<\/td>\n<td align=\"left\">TP<\/td>\n<td align=\"left\">&#8211;<\/td>\n<\/tr>\n<tr>\n<td align=\"left\">3\u00ba<\/td>\n<td align=\"left\">1305<\/td>\n<td align=\"left\"><a href=\"http:\/\/sua.psicologia.unam.mx\/docs\/pdf\/plan2008\/1305TallerdePsicofisiologia.pdf\">Taller de Psicofisiolog\u00eda<\/a><\/td>\n<td align=\"left\">3<\/td>\n<td align=\"left\">P<\/td>\n<td align=\"left\">&#8211;<\/td>\n<\/tr>\n<tr>\n<td align=\"left\">3\u00ba<\/td>\n<td align=\"left\">1306<\/td>\n<td align=\"left\"><a href=\"http:\/\/sua.psicologia.unam.mx\/docs\/pdf\/plan2008\/1306TransdisciplinaII.pdf\">Transdisciplina II<\/a><\/td>\n<td align=\"left\">4<\/td>\n<td align=\"left\">T<\/td>\n<td align=\"left\">Ctxt<\/td>\n<\/tr>\n<tr>\n<td align=\"left\">4\u00ba<\/td>\n<td align=\"left\">1400<\/td>\n<td align=\"left\"><a href=\"http:\/\/sua.psicologia.unam.mx\/docs\/pdf\/plan2008\/1400AprendizajeyConductaAdaptativa.pdf\">Aprendizaje y Conducta Adaptativa III<\/a><\/td>\n<td align=\"left\">9<\/td>\n<td align=\"left\">T\/P<\/td>\n<td align=\"left\">&#8211;<\/td>\n<\/tr>\n<tr>\n<td align=\"left\">4\u00ba<\/td>\n<td align=\"left\">1401<\/td>\n<td align=\"left\"><a href=\"http:\/\/sua.psicologia.unam.mx\/docs\/pdf\/plan2008\/1401ComprensiondelaRealidadSocialI.pdf\">Comprensi\u00f3n de la Realidad Social I<\/a><\/td>\n<td align=\"left\">4<\/td>\n<td align=\"left\">T<\/td>\n<td align=\"left\">Ctxt<\/td>\n<\/tr>\n<tr>\n<td align=\"left\">4\u00ba<\/td>\n<td align=\"left\">1402<\/td>\n<td align=\"left\"><a href=\"http:\/\/sua.psicologia.unam.mx\/docs\/pdf\/plan2008\/1402FisiologiadelaPsicologica.pdf\">Filosof\u00eda de la Psicolog\u00eda<\/a><\/td>\n<td align=\"left\">6<\/td>\n<td align=\"left\">T<\/td>\n<td align=\"left\">&#8211;<\/td>\n<\/tr>\n<tr>\n<td align=\"left\">4\u00ba<\/td>\n<td align=\"left\">1403<\/td>\n<td align=\"left\"><a href=\"http:\/\/sua.psicologia.unam.mx\/docs\/pdf\/plan2008\/1403Neurocognicion.pdf\">Neurocognici\u00f3n<\/a><\/td>\n<td align=\"left\">6<\/td>\n<td align=\"left\">T<\/td>\n<td align=\"left\">&#8211;<\/td>\n<\/tr>\n<tr>\n<td align=\"left\">4\u00ba<\/td>\n<td align=\"left\">1404<\/td>\n<td align=\"left\"><a href=\"http:\/\/sua.psicologia.unam.mx\/docs\/pdf\/plan2008\/1404PracticasdePsicobiologia.pdf\">Pr\u00e1cticas de Psicobiolog\u00eda<\/a><\/td>\n<td align=\"left\">2<\/td>\n<td align=\"left\">P<\/td>\n<td align=\"left\">&#8211;<\/td>\n<\/tr>\n<tr>\n<td align=\"left\">4\u00ba<\/td>\n<td align=\"left\">1405<\/td>\n<td align=\"left\"><a href=\"http:\/\/sua.psicologia.unam.mx\/docs\/pdf\/plan2008\/1405PsicologiaSocialdeloColectivo.pdf\">Psicolog\u00eda Social de lo Colectivo<\/a><\/td>\n<td align=\"left\">8<\/td>\n<td align=\"left\">TP<\/td>\n<td align=\"left\">&#8211;<\/td>\n<\/tr>\n<tr>\n<td align=\"left\">4\u00ba<\/td>\n<td align=\"left\">1406<\/td>\n<td align=\"left\"><a href=\"http:\/\/sua.psicologia.unam.mx\/docs\/pdf\/plan2008\/1406TeoriaSociocultural.pdf\">Teor\u00eda Sociocultural<\/a><\/td>\n<td align=\"left\">9<\/td>\n<td align=\"left\">TP<\/td>\n<td align=\"left\">&#8211;<\/td>\n<\/tr>\n<\/tbody>\n<\/table>\n<p><a href=\"http:\/\/sua.psicologia.unam.mx\/index.php\/plan-2008\/\">&lt;&lt; Regresar a la p\u00e1gina del plan de estudios 2008<\/a><\/p>\n","protected":false},"excerpt":{"rendered":"<p>\u00c1REA DE FORMACI\u00d3N GENERAL 1\u00b0 &#8211; 4\u00b0sEMESTRE Este cuadro te ofrece la estructura curricular del \u00c1rea de Formaci\u00f3n General del Plan de Estudios 2008 de la Licenciatura en Psicolog\u00eda, por &hellip;<\/p>\n<p class=\"read-more\"> <a class=\"\" href=\"https:\/\/sua.psicologia.unam.mx\/index.php\/formacion-general\/\"> <span class=\"screen-reader-text\">Formaci\u00f3n General<\/span> Read More &raquo;<\/a><\/p>\n","protected":false},"author":1,"featured_media":0,"parent":0,"menu_order":0,"comment_status":"closed","ping_status":"closed","template":"","meta":{"site-sidebar-layout":"default","site-content-layout":"default","ast-global-header-display":"","ast-banner-title-visibility":"","ast-main-header-display":"","ast-hfb-above-header-display":"","ast-hfb-below-header-display":"","ast-hfb-mobile-header-display":"","site-post-title":"","ast-breadcrumbs-content":"","ast-featured-img":"","footer-sml-layout":"","theme-transparent-header-meta":"","adv-header-id-meta":"","stick-header-meta":"","header-above-stick-meta":"","header-main-stick-meta":"","header-below-stick-meta":""},"_links":{"self":[{"href":"https:\/\/sua.psicologia.unam.mx\/index.php\/wp-json\/wp\/v2\/pages\/536"}],"collection":[{"href":"https:\/\/sua.psicologia.unam.mx\/index.php\/wp-json\/wp\/v2\/pages"}],"about":[{"href":"https:\/\/sua.psicologia.unam.mx\/index.php\/wp-json\/wp\/v2\/types\/page"}],"author":[{"embeddable":true,"href":"https:\/\/sua.psicologia.unam.mx\/index.php\/wp-json\/wp\/v2\/users\/1"}],"replies":[{"embeddable":true,"href":"https:\/\/sua.psicologia.unam.mx\/index.php\/wp-json\/wp\/v2\/comments?post=536"}],"version-history":[{"count":1,"href":"https:\/\/sua.psicologia.unam.mx\/index.php\/wp-json\/wp\/v2\/pages\/536\/revisions"}],"predecessor-version":[{"id":537,"href":"https:\/\/sua.psicologia.unam.mx\/index.php\/wp-json\/wp\/v2\/pages\/536\/revisions\/537"}],"wp:attachment":[{"href":"https:\/\/sua.psicologia.unam.mx\/index.php\/wp-json\/wp\/v2\/media?parent=536"}],"curies":[{"name":"wp","href":"https:\/\/api.w.org\/{rel}","templated":true}]}}